{"id":5,"date":"2024-10-18T03:19:14","date_gmt":"2024-10-18T03:19:14","guid":{"rendered":"https:\/\/www.738me.com\/about\/"},"modified":"2024-12-27T03:10:11","modified_gmt":"2024-12-27T03:10:11","slug":"about","status":"publish","type":"page","link":"https:\/\/www.www2.2012i.com\/de\/about\/","title":{"rendered":"\u00dcber uns"},"content":{"rendered":"<div data-elementor-type=\"wp-post\" data-elementor-id=\"5\" class=\"elementor elementor-5\" data-elementor-post-type=\"page\">\n\t\t\t\t<div class=\"elementor-element elementor-element-5f02ddf e-flex e-con-boxed e-con e-parent\" data-id=\"5f02ddf\" data-element_type=\"container\" data-e-type=\"container\" data-settings=\"{&quot;background_background&quot;:&quot;classic&quot;}\">\n\t\t\t\t\t<div class=\"e-con-inner\">\n\t\t<div class=\"elementor-element elementor-element-0502d81 e-con-full e-flex e-con e-child\" data-id=\"0502d81\" data-element_type=\"container\" data-e-type=\"container\">\n\t\t\t\t<div class=\"elementor-element elementor-element-03d202b elementor-widget elementor-widget-heading\" data-id=\"03d202b\" data-element_type=\"widget\" data-e-type=\"widget\" data-widget_type=\"heading.default\">\n\t\t\t\t\t<h1 class=\"elementor-heading-title elementor-size-default\">Ein Experte f\u00fcr die Herstellung von Strickwaren<\/h1>\t\t\t\t<\/div>\n\t\t\t\t<\/div>\n\t\t\t\t\t<\/div>\n\t\t\t\t<\/div>\n\t\t<div class=\"elementor-element elementor-element-ce23579 e-flex e-con-boxed e-con e-parent\" data-id=\"ce23579\" data-element_type=\"container\" data-e-type=\"container\">\n\t\t\t\t\t<div class=\"e-con-inner\">\n\t\t<div class=\"elementor-element elementor-element-89a7aec e-con-full e-flex e-con e-child\" data-id=\"89a7aec\" data-element_type=\"container\" data-e-type=\"container\">\n\t\t\t\t<div class=\"elementor-element elementor-element-a01f0dc elementor-widget elementor-widget-heading\" data-id=\"a01f0dc\" data-element_type=\"widget\" data-e-type=\"widget\" data-widget_type=\"heading.default\">\n\t\t\t\t\t<h3 class=\"elementor-heading-title elementor-size-default\">Unsere Strickwarenfabrik<\/h3>\t\t\t\t<\/div>\n\t\t\t\t<div class=\"elementor-element elementor-element-c43b3dd elementor-widget-divider--view-line elementor-widget elementor-widget-divider\" data-id=\"c43b3dd\" data-element_type=\"widget\" data-e-type=\"widget\" data-widget_type=\"divider.default\">\n\t\t\t\t\t\t\t<div class=\"elementor-divider\">\n\t\t\t<span class=\"elementor-divider-separator\">\n\t\t\t\t\t\t<\/span>\n\t\t<\/div>\n\t\t\t\t\t\t<\/div>\n\t\t\t\t<div class=\"elementor-element elementor-element-e871351 elementor-widget elementor-widget-text-editor\" data-id=\"e871351\" data-element_type=\"widget\" data-e-type=\"widget\" data-widget_type=\"text-editor.default\">\n\t\t\t\t\t\t\t\t\t<p>Seit ihrer Gr\u00fcndung im Jahr 2003 hat sich die Yingjia Bekleidunggesellschaft mit ihrer professionellen St\u00e4rke in der Strickwarenherstellung hervorgetan und ist zu einem bemerkenswerten professionellen Strickwarenwerk in der Branche geworden.<\/p><p>Yingjia Bekleidung ist f\u00fcr ihre starke F\u00e4higkeit bekannt, Strickwarenmuster zu entwickeln. Das Designteam der Firma besteht aus vielen talentierten und erfahrenen Fachleuten. Sie haben den Blick stets auf die neuesten Mode-Trends gerichtet und k\u00f6nnen Ver\u00e4nderungen der Markttrends genau wahrnehmen. Sie f\u00fcgen mit Geschick verschiedene Modeelemente in die Strickwaren-Designs ein. Ob es sich um einfache und modische Grundmodelle oder um exquisites und luxuri\u00f6ses hochwertiges Customizing handelt, kann Yingjia Bekleidung schnell und genau Strickwarenmuster entwickeln, die den Bed\u00fcrfnissen und \u00e4sthetischen Erwartungen der Kunden entsprechen. Dies liefert eine reiche Kreativquelle und eine solide Designunterst\u00fctzung f\u00fcr die Produktplanung der Kunden und hilft diesen dabei, die Chancen auf dem Strickwarenmarkt zu nutzen.<\/p><p>Was die Qualit\u00e4tskontrolle von Strickwaren betrifft, h\u00e4lt Yingjia Bekleidung stets an strikten Standards fest. Von der sorgf\u00e4ltigen Auswahl und Beschaffung hochwertiger Rohstoffe \u00fcber die genaue Durchf\u00fchrung jeder Strickoperation bis hin zu den sp\u00e4teren B\u00fcgel- und Verpackungsprozessen hat die Firma ein umfassendes und mehrstufiges Qualit\u00e4ts\u00fcberwachungssystem etabliert. Jede Strickware muss mehrere strenge Qualit\u00e4tskontrollpunkte passieren, um sicherzustellen, dass sie in Bezug auf die Stofftextur, die Passform des Schnittmusters, die Farbfastigkeit und die Detailverarbeitung eine hervorragende Qualit\u00e4t aufweist. So kann die Firma komfortable, sch\u00f6ne und dauerhafte Strickwarenprodukte an die Verbraucher liefern und hat damit eine \u9ad8\u58eb Anerkennung auf dem Markt und das Vertrauen der Verbraucher gewonnen.<\/p><p>P\u00fcnktliche Lieferung ist ein fester Verpflichtungszwang von Yingjia Bekleidung gegen\u00fcber ihren Kunden. Durch wissenschaftliche und vern\u00fcnftige Produktionsplanungsanordnungen, einen effizienten und koordinierten Mechanismus der Abteilungs-Zusammenarbeit und ein stabiles Lieferketten-Management-System gew\u00e4hrleistet die Firma, dass jeder Auftrag gem\u00e4\u00df den vorab festgelegten Zeitpunkten reibungslos durchgef\u00fchrt und geliefert werden kann. Egal ob es sich um einen gro\u00dfen Massenproduktionsauftrag oder um einen dringenden kleinen Bestellauftrag f\u00fcr das Customizing handelt, kann Yingjia Bekleidung die Produktion geordnet organisieren, die Ressourcen effizient zuweisen und den Fortschritt genau kontrollieren, sodass die Kunden sich keine Sorgen um Lieferungsverz\u00f6gerungen machen m\u00fcssen. Dadurch wird die reibungslose Umsetzung der Gesch\u00e4ftsabl\u00e4ufe und der Absatzpl\u00e4ne der Kunden effektiv gew\u00e4hrleistet.<\/p><p>Als Strickwarenwerk, das sich auf OEM &amp; ODM spezialisiert hat, hat Yingjia Clothing mit ihren professionellen, effizienten und qualitativ hochwertigen Dienstleistungen die langfristige Zusammenarbeit zahlreicher europ\u00e4ischer und amerikanischer Kunden gewonnen. Die Firma hat ein tiefes Verst\u00e4ndnis f\u00fcr die Modegeschmacksrichtungen und die Konsumbed\u00fcrfnisse der europ\u00e4ischen und amerikanischen M\u00e4rkte und kann auf der Grundlage der Markenpositionierung und der Designanforderungen von europ\u00e4ischen und amerikanischen Kunden einzigartige Strickwarenprodukte entwickeln, die den Anforderungen der europ\u00e4ischen und amerikanischen M\u00e4rkte entsprechen. Im Laufe der langfristigen Zusammenarbeit hat Yingjia Clothing mit ihrer hervorragenden Produktqualit\u00e4t, ihrer innovativen Designf\u00e4higkeit und ihrer zuverl\u00e4ssigen Lieferungsgarantie bei europ\u00e4ischen und amerikanischen Kunden eine gute Unternehmensimage und einen guten Markenruf aufgebaut und hat so ihre wichtige Stellung auf dem europ\u00e4ischen und amerikanischen Strickwarenmarkt weiter gefestigt.<\/p><p>In der kommenden Entwicklung wird die Yingjia Bekleidunggesellschaft weiterhin den Schwerpunkt auf \"Strickwaren\" als Kerngesch\u00e4ft legen, sich auf ihre eigene St\u00e4rke als \"Strickwarenwerk\" st\u00fctzen und weiterhin in die technische Forschung und Entwicklung, die Ausbildung von Fachkr\u00e4ften und die Modernisierung der Ausr\u00fcstung investieren, um die Gesamtkonkurrenzf\u00e4higkeit des Unternehmens stetig zu verbessern. Die Firma h\u00e4lt an ihrer konsequenten Verfolgung der Qualit\u00e4t, ihren unerm\u00fcdlichen Anstrengungen in Bezug auf Innovation und ihrer hochverantwortlichen Haltung gegen\u00fcber ihren Kunden fest und ist bestrebt, globalen Kunden qualitativ hochwertige, modische und personalisierte Strickwarenprodukte und -Dienstleistungen anzubieten, um weiterhin einen gl\u00e4nzenden Abschnitt in der Strickwarenherstellung zu schreiben, ein f\u00fchrendes und referenzgebendes Unternehmen in der globalen Strickwarenindustrie zu werden und einen positiven Beitrag zur Prosperit\u00e4t und Weiterentwicklung der Strickwarenindustrie zu leisten.<\/p>\t\t\t\t\t\t\t\t<\/div>\n\t\t\t\t<div class=\"elementor-element elementor-element-a4fb0af elementor-widget elementor-widget-video\" data-id=\"a4fb0af\" data-element_type=\"widget\" data-e-type=\"widget\" data-settings=\"{&quot;video_type&quot;:&quot;hosted&quot;,&quot;controls&quot;:&quot;yes&quot;}\" data-widget_type=\"video.default\">\n\t\t\t\t\t\t\t<div class=\"e-hosted-video elementor-wrapper elementor-open-inline\">\n\t\t\t\t\t<video class=\"elementor-video\" src=\"https:\/\/www.738me.com\/wp-content\/uploads\/2024\/10\/abouyingjia.mp4\" controls=\"\" preload=\"metadata\" controlslist=\"nodownload\"><\/video>\n\t\t\t\t<\/div>\n\t\t\t\t\t\t<\/div>\n\t\t\t\t<\/div>\n\t\t\t\t\t<\/div>\n\t\t\t\t<\/div>\n\t\t<div class=\"elementor-element elementor-element-8195a0d e-flex e-con-boxed e-con e-parent\" data-id=\"8195a0d\" data-element_type=\"container\" data-e-type=\"container\">\n\t\t\t\t\t<div class=\"e-con-inner\">\n\t\t<div class=\"elementor-element elementor-element-d47d4cd e-con-full e-flex e-con e-child\" data-id=\"d47d4cd\" data-element_type=\"container\" data-e-type=\"container\">\n\t\t\t\t<div class=\"elementor-element elementor-element-bf795e2 elementor-widget elementor-widget-heading\" data-id=\"bf795e2\" data-element_type=\"widget\" data-e-type=\"widget\" data-widget_type=\"heading.default\">\n\t\t\t\t\t<h3 class=\"elementor-heading-title elementor-size-default\">Unternehmensmission<\/h3>\t\t\t\t<\/div>\n\t\t\t\t<div class=\"elementor-element elementor-element-ae16dd8 elementor-widget-divider--view-line elementor-widget elementor-widget-divider\" data-id=\"ae16dd8\" data-element_type=\"widget\" data-e-type=\"widget\" data-widget_type=\"divider.default\">\n\t\t\t\t\t\t\t<div class=\"elementor-divider\">\n\t\t\t<span class=\"elementor-divider-separator\">\n\t\t\t\t\t\t<\/span>\n\t\t<\/div>\n\t\t\t\t\t\t<\/div>\n\t\t\t\t<div class=\"elementor-element elementor-element-0179544 elementor-icon-list--layout-traditional elementor-list-item-link-full_width elementor-widget elementor-widget-icon-list\" data-id=\"0179544\" data-element_type=\"widget\" data-e-type=\"widget\" data-widget_type=\"icon-list.default\">\n\t\t\t\t\t\t\t<ul class=\"elementor-icon-list-items\">\n\t\t\t\t\t\t\t<li class=\"elementor-icon-list-item\">\n\t\t\t\t\t\t\t\t\t\t\t<span class=\"elementor-icon-list-icon\">\n\t\t\t\t\t\t\t<svg aria-hidden=\"true\" class=\"e-font-icon-svg e-fas-minus\" viewbox=\"0 0 448 512\" xmlns=\"http:\/\/www.w3.org\/2000\/svg\"><path d=\"M416 208H32c-17.67 0-32 14.33-32 32v32c0 17.67 14.33 32 32 32h384c17.67 0 32-14.33 32-32v-32c0-17.67-14.33-32-32-32z\"><\/path><\/svg>\t\t\t\t\t\t<\/span>\n\t\t\t\t\t\t\t\t\t\t<span class=\"elementor-icon-list-text\">Mit kunstvoller Fertigung und innovativen Designs bieten wir globalen Kunden modische, komfortable und hochwertige Bekleidung an und streben danach, ein herausragendes Vorbild in der Bekleidungsindustrie zu werden.<\/span>\n\t\t\t\t\t\t\t\t\t<\/li>\n\t\t\t\t\t\t\t\t<li class=\"elementor-icon-list-item\">\n\t\t\t\t\t\t\t\t\t\t\t<span class=\"elementor-icon-list-icon\">\n\t\t\t\t\t\t\t<svg aria-hidden=\"true\" class=\"e-font-icon-svg e-fas-minus\" viewbox=\"0 0 448 512\" xmlns=\"http:\/\/www.w3.org\/2000\/svg\"><path d=\"M416 208H32c-17.67 0-32 14.33-32 32v32c0 17.67 14.33 32 32 32h384c17.67 0 32-14.33 32-32v-32c0-17.67-14.33-32-32-32z\"><\/path><\/svg>\t\t\t\t\t\t<\/span>\n\t\t\t\t\t\t\t\t\t\t<span class=\"elementor-icon-list-text\">Wir sind bestrebt, pers\u00f6nliche Bekleidungs-L\u00f6sungen zu schaffen, um die Bed\u00fcrfnisse verschiedener Kunden zu erf\u00fcllen und durch Qualit\u00e4t und Service Mode und Wert zu vermitteln.<\/span>\n\t\t\t\t\t\t\t\t\t<\/li>\n\t\t\t\t\t\t\t\t<li class=\"elementor-icon-list-item\">\n\t\t\t\t\t\t\t\t\t\t\t<span class=\"elementor-icon-list-icon\">\n\t\t\t\t\t\t\t<svg aria-hidden=\"true\" class=\"e-font-icon-svg e-fas-minus\" viewbox=\"0 0 448 512\" xmlns=\"http:\/\/www.w3.org\/2000\/svg\"><path d=\"M416 208H32c-17.67 0-32 14.33-32 32v32c0 17.67 14.33 32 32 32h384c17.67 0 32-14.33 32-32v-32c0-17.67-14.33-32-32-32z\"><\/path><\/svg>\t\t\t\t\t\t<\/span>\n\t\t\t\t\t\t\t\t\t\t<span class=\"elementor-icon-list-text\">Durch kontinuierliche Innovationen und die Optimierung des Produktionsprozesses bieten wir unseren Kunden hochwertige und effiziente Bekleidungsartikel an und f\u00f6rdern so den Fortschritt und die Entwicklung der Bekleidungsindustrie.<\/span>\n\t\t\t\t\t\t\t\t\t<\/li>\n\t\t\t\t\t\t<\/ul>\n\t\t\t\t\t\t<\/div>\n\t\t\t\t<\/div>\n\t\t\t\t\t<\/div>\n\t\t\t\t<\/div>\n\t\t<div class=\"elementor-element elementor-element-b014dcd e-flex e-con-boxed e-con e-parent\" data-id=\"b014dcd\" data-element_type=\"container\" data-e-type=\"container\">\n\t\t\t\t\t<div class=\"e-con-inner\">\n\t\t\t\t<div class=\"elementor-element elementor-element-4b888b8 elementor-widget elementor-widget-heading\" data-id=\"4b888b8\" data-element_type=\"widget\" data-e-type=\"widget\" data-widget_type=\"heading.default\">\n\t\t\t\t\t<h3 class=\"elementor-heading-title elementor-size-default\">RELEVANTES ZERTIFIKAT<\/h3>\t\t\t\t<\/div>\n\t\t\t\t<div class=\"elementor-element elementor-element-30ebc47 elementor-widget-divider--view-line elementor-widget elementor-widget-divider\" data-id=\"30ebc47\" data-element_type=\"widget\" data-e-type=\"widget\" data-widget_type=\"divider.default\">\n\t\t\t\t\t\t\t<div class=\"elementor-divider\">\n\t\t\t<span class=\"elementor-divider-separator\">\n\t\t\t\t\t\t<\/span>\n\t\t<\/div>\n\t\t\t\t\t\t<\/div>\n\t\t\t\t<div class=\"elementor-element elementor-element-c2c5a03 elementor-widget elementor-widget-image\" data-id=\"c2c5a03\" data-element_type=\"widget\" data-e-type=\"widget\" data-widget_type=\"image.default\">\n\t\t\t\t\t\t\t\t\t\t\t\t\t\t\t<img fetchpriority=\"high\" decoding=\"async\" width=\"1735\" height=\"562\" src=\"https:\/\/www.738me.com\/wp-content\/uploads\/2024\/11\/certificate.jpg\" class=\"attachment-full size-full wp-image-6583\" alt=\"Sweater factory Sweater manufacturer Sweater maker\" srcset=\"https:\/\/www.738me.com\/wp-content\/uploads\/2024\/11\/certificate.jpg 1735w, https:\/\/www.738me.com\/wp-content\/uploads\/2024\/11\/certificate-300x97.jpg 300w, https:\/\/www.738me.com\/wp-content\/uploads\/2024\/11\/certificate-1024x332.jpg 1024w, https:\/\/www.738me.com\/wp-content\/uploads\/2024\/11\/certificate-768x249.jpg 768w, https:\/\/www.738me.com\/wp-content\/uploads\/2024\/11\/certificate-1536x498.jpg 1536w, https:\/\/www.738me.com\/wp-content\/uploads\/2024\/11\/certificate-18x6.jpg 18w\" sizes=\"(max-width: 1735px) 100vw, 1735px\" \/>\t\t\t\t\t\t\t\t\t\t\t\t\t\t\t<\/div>\n\t\t\t\t\t<\/div>\n\t\t\t\t<\/div>\n\t\t\t\t<\/div>","protected":false},"excerpt":{"rendered":"<p>An expert in sweater production Our sweater factory Since its establishment in 2003, Yingjia Clothing Company has stood out in the sweater manufacturing field with its professional strength and has become a remarkable professional sweater factory in the industry. Yingjia Clothing is renowned for its strong ability to develop sweater samples. The company&#8217;s design team [&hellip;]<\/p>\n","protected":false},"author":2,"featured_media":0,"parent":0,"menu_order":0,"comment_status":"closed","ping_status":"closed","template":"","meta":{"site-sidebar-layout":"no-sidebar","site-content-layout":"page-builder","ast-site-content-layout":"full-width-container","site-content-style":"unboxed","site-sidebar-style":"unboxed","ast-global-header-display":"","ast-banner-title-visibility":"","ast-main-header-display":"","ast-hfb-above-header-display":"","ast-hfb-below-header-display":"","ast-hfb-mobile-header-display":"","site-post-title":"disabled","ast-breadcrumbs-content":"","ast-featured-img":"disabled","footer-sml-layout":"","ast-disable-related-posts":"","theme-transparent-header-meta":"enabled","adv-header-id-meta":"","stick-header-meta":"","header-above-stick-meta":"","header-main-stick-meta":"","header-below-stick-meta":"","astra-migrate-meta-layouts":"set","ast-page-background-enabled":"default","ast-page-background-meta":{"desktop":{"background-color":"","background-image":"","background-repeat":"repeat","background-position":"center center","background-size":"auto","background-attachment":"scroll","background-type":"","background-media":"","overlay-type":"","overlay-color":"","overlay-opacity":"","overlay-gradient":""},"tablet":{"background-color":"","background-image":"","background-repeat":"repeat","background-position":"center center","background-size":"auto","background-attachment":"scroll","background-type":"","background-media":"","overlay-type":"","overlay-color":"","overlay-opacity":"","overlay-gradient":""},"mobile":{"background-color":"","background-image":"","background-repeat":"repeat","background-position":"center center","background-size":"auto","background-attachment":"scroll","background-type":"","background-media":"","overlay-type":"","overlay-color":"","overlay-opacity":"","overlay-gradient":""}},"ast-content-background-meta":{"desktop":{"background-color":"var(--ast-global-color-5)","background-image":"","background-repeat":"repeat","background-position":"center center","background-size":"auto","background-attachment":"scroll","background-type":"","background-media":"","overlay-type":"","overlay-color":"","overlay-opacity":"","overlay-gradient":""},"tablet":{"background-color":"var(--ast-global-color-5)","background-image":"","background-repeat":"repeat","background-position":"center center","background-size":"auto","background-attachment":"scroll","background-type":"","background-media":"","overlay-type":"","overlay-color":"","overlay-opacity":"","overlay-gradient":""},"mobile":{"background-color":"var(--ast-global-color-5)","background-image":"","background-repeat":"repeat","background-position":"center center","background-size":"auto","background-attachment":"scroll","background-type":"","background-media":"","overlay-type":"","overlay-color":"","overlay-opacity":"","overlay-gradient":""}},"footnotes":""},"class_list":["post-5","page","type-page","status-publish","hentry"],"aioseo_notices":[],"_hostinger_reach_plugin_has_subscription_block":false,"_hostinger_reach_plugin_is_elementor":false,"_links":{"self":[{"href":"https:\/\/www.www2.2012i.com\/de\/wp-json\/wp\/v2\/pages\/5","targetHints":{"allow":["GET"]}}],"collection":[{"href":"https:\/\/www.www2.2012i.com\/de\/wp-json\/wp\/v2\/pages"}],"about":[{"href":"https:\/\/www.www2.2012i.com\/de\/wp-json\/wp\/v2\/types\/page"}],"author":[{"embeddable":true,"href":"https:\/\/www.www2.2012i.com\/de\/wp-json\/wp\/v2\/users\/2"}],"replies":[{"embeddable":true,"href":"https:\/\/www.www2.2012i.com\/de\/wp-json\/wp\/v2\/comments?post=5"}],"version-history":[{"count":75,"href":"https:\/\/www.www2.2012i.com\/de\/wp-json\/wp\/v2\/pages\/5\/revisions"}],"predecessor-version":[{"id":7681,"href":"https:\/\/www.www2.2012i.com\/de\/wp-json\/wp\/v2\/pages\/5\/revisions\/7681"}],"wp:attachment":[{"href":"https:\/\/www.www2.2012i.com\/de\/wp-json\/wp\/v2\/media?parent=5"}],"curies":[{"name":"wp","href":"https:\/\/api.w.org\/{rel}","templated":true}]}}