{"id":5,"date":"2024-10-18T03:19:14","date_gmt":"2024-10-18T03:19:14","guid":{"rendered":"https:\/\/www.738me.com\/about\/"},"modified":"2024-12-27T03:10:11","modified_gmt":"2024-12-27T03:10:11","slug":"about","status":"publish","type":"page","link":"https:\/\/www.www2.2012i.com\/es\/about\/","title":{"rendered":"Sobre nosotros"},"content":{"rendered":"<div data-elementor-type=\"wp-post\" data-elementor-id=\"5\" class=\"elementor elementor-5\" data-elementor-post-type=\"page\">\n\t\t\t\t<div class=\"elementor-element elementor-element-5f02ddf e-flex e-con-boxed e-con e-parent\" data-id=\"5f02ddf\" data-element_type=\"container\" data-e-type=\"container\" data-settings=\"{&quot;background_background&quot;:&quot;classic&quot;}\">\n\t\t\t\t\t<div class=\"e-con-inner\">\n\t\t<div class=\"elementor-element elementor-element-0502d81 e-con-full e-flex e-con e-child\" data-id=\"0502d81\" data-element_type=\"container\" data-e-type=\"container\">\n\t\t\t\t<div class=\"elementor-element elementor-element-03d202b elementor-widget elementor-widget-heading\" data-id=\"03d202b\" data-element_type=\"widget\" data-e-type=\"widget\" data-widget_type=\"heading.default\">\n\t\t\t\t\t<h1 class=\"elementor-heading-title elementor-size-default\">Un experto en la producci\u00f3n de su\u00e9teres<\/h1>\t\t\t\t<\/div>\n\t\t\t\t<\/div>\n\t\t\t\t\t<\/div>\n\t\t\t\t<\/div>\n\t\t<div class=\"elementor-element elementor-element-ce23579 e-flex e-con-boxed e-con e-parent\" data-id=\"ce23579\" data-element_type=\"container\" data-e-type=\"container\">\n\t\t\t\t\t<div class=\"e-con-inner\">\n\t\t<div class=\"elementor-element elementor-element-89a7aec e-con-full e-flex e-con e-child\" data-id=\"89a7aec\" data-element_type=\"container\" data-e-type=\"container\">\n\t\t\t\t<div class=\"elementor-element elementor-element-a01f0dc elementor-widget elementor-widget-heading\" data-id=\"a01f0dc\" data-element_type=\"widget\" data-e-type=\"widget\" data-widget_type=\"heading.default\">\n\t\t\t\t\t<h3 class=\"elementor-heading-title elementor-size-default\">Nuestra f\u00e1brica de su\u00e9teres<\/h3>\t\t\t\t<\/div>\n\t\t\t\t<div class=\"elementor-element elementor-element-c43b3dd elementor-widget-divider--view-line elementor-widget elementor-widget-divider\" data-id=\"c43b3dd\" data-element_type=\"widget\" data-e-type=\"widget\" data-widget_type=\"divider.default\">\n\t\t\t\t\t\t\t<div class=\"elementor-divider\">\n\t\t\t<span class=\"elementor-divider-separator\">\n\t\t\t\t\t\t<\/span>\n\t\t<\/div>\n\t\t\t\t\t\t<\/div>\n\t\t\t\t<div class=\"elementor-element elementor-element-e871351 elementor-widget elementor-widget-text-editor\" data-id=\"e871351\" data-element_type=\"widget\" data-e-type=\"widget\" data-widget_type=\"text-editor.default\">\n\t\t\t\t\t\t\t\t\t<p>Desde su fundaci\u00f3n en 2003, la empresa Yingjia Clothing se ha destacado en el campo de la fabricaci\u00f3n de su\u00e9teres gracias a su fuerza profesional y se ha convertido en una f\u00e1brica de su\u00e9teres profesional notable en la industria.<\/p><p>Yingjia Clothing es famosa por su fuerte capacidad para desarrollar muestras de su\u00e9teres. El equipo de dise\u00f1o de la empresa est\u00e1 compuesto por numerosos profesionales talentosos y experimentados. Siempre tienen el ojo puesto en las \u00faltimas tendencias de la moda y perciben con precisi\u00f3n los cambios en las tendencias del mercado, incorporando h\u00e1bilmente diversos elementos de moda en los dise\u00f1os de su\u00e9teres. Ya sea estilos b\u00e1sicos simples y elegantes o estilos personalizados de alta gama exquisitos y lujosos, Yingjia Clothing puede desarrollar r\u00e1pidamente y con precisi\u00f3n muestras de su\u00e9teres que satisfagan las necesidades y expectativas est\u00e9ticas de los clientes, proporcionando una rica fuente de creatividad y un s\u00f3lido soporte de dise\u00f1o para la planificaci\u00f3n de productos de los clientes, ayudando enormemente a los clientes a aprovechar las oportunidades en el mercado de su\u00e9teres.<\/p><p>En cuanto al control de calidad de los su\u00e9teres, Yingjia Clothing siempre ha adherido a normas estrictas. Desde la cuidadosa selecci\u00f3n y adquisici\u00f3n de materias primas de alta calidad, hasta la meticulosa ejecuci\u00f3n de cada proceso de tejido, y luego a las etapas posteriores de planchado y embalaje, la empresa ha establecido un sistema de monitoreo de calidad completo y de m\u00faltiples niveles. Cada su\u00e9ter tiene que pasar por m\u00faltiples puntos de control rigurosos de inspecci\u00f3n de calidad para asegurar que alcance una excelente calidad en aspectos como la textura del tejido, el ajuste del patr\u00f3n, la resistencia de los colores y el acabado de los detalles, ofreciendo a los consumidores productos de su\u00e9teres c\u00f3modos, hermosos y duraderos y obteniendo un alto reconocimiento en el mercado y la confianza de los consumidores.<\/p><p>La entrega puntual es un firme compromiso de Yingjia Clothing con sus clientes. Gracias a arreglos cient\u00edficos y razonables de planificaci\u00f3n de producci\u00f3n, un mecanismo eficiente y coordinado de colaboraci\u00f3n entre departamentos y un s\u00f3lido sistema de gesti\u00f3n de la cadena de suministro, la empresa se asegura de que cada pedido se pueda llevar a cabo y entregar seg\u00fan los tiempos previstos. Ya sea un pedido de producci\u00f3n en masa a gran escala o un pedido de producci\u00f3n personalizada en peque\u00f1os lotes urgente, Yingjia Clothing puede organizar la producci\u00f3n de manera ordenada, asignar eficientemente los recursos y controlar con precisi\u00f3n el progreso, de modo que los clientes no tengan que preocuparse por retrasos en la entrega, garantizando eficazmente la implementaci\u00f3n sin problemas de los ritmos de operaci\u00f3n comercial y los planes de venta de los clientes.<\/p><p>Como f\u00e1brica de su\u00e9teres centrada en el OEM &amp; ODM, Yingjia Clothing ha conseguido atraer la colaboraci\u00f3n a largo plazo de numerosos clientes europeos y estadounidenses gracias a sus servicios profesionales, eficientes y de alta calidad. La empresa tiene una comprensi\u00f3n profunda de los gustos de moda y las necesidades de consumo de los mercados europeo y estadounidense y puede personalizar productos de su\u00e9teres \u00fanicos que cumplan con las normas de los mercados europeo y estadounidense seg\u00fan la posici\u00f3n de marca y los requisitos de dise\u00f1o de los clientes europeos y estadounidenses. Durante el proceso de colaboraci\u00f3n a largo plazo, Yingjia Clothing ha establecido una buena imagen corporativa y una reputaci\u00f3n de marca entre los clientes europeos y estadounidenses gracias a su excelente calidad de productos, su capacidad de design innovador y su garant\u00eda de entrega confiable, consolidando a\u00fan m\u00e1s su importante posici\u00f3n en el mercado europeo y estadounidense de su\u00e9teres.<\/p><p>En el camino del desarrollo futuro, la empresa Yingjia Clothing continuar\u00e1 centrando su atenci\u00f3n en el \"su\u00e9ter\" como negocio principal, apoy\u00e1ndose en su propia fuerza como \"f\u00e1brica de su\u00e9teres\" fuerte, y continuar\u00e1 aumentando la inversi\u00f3n en investigaci\u00f3n y desarrollo tecnol\u00f3gico, formaci\u00f3n de talentos y actualizaci\u00f3n de equipos para mejorar constantemente la competitividad general de la empresa. Adhiriendo a la b\u00fasqueda constante de la calidad, a los esfuerzos incesantes en innovaci\u00f3n y a una actitud altamente responsable hacia los clientes, Yingjia Clothing se compromete a proporcionar a los clientes de todo el mundo productos y servicios de su\u00e9teres de mejor calidad, m\u00e1s a la moda y m\u00e1s personalizados, continuando escribiendo un brillante cap\u00edtulo en el campo de la fabricaci\u00f3n de su\u00e9teres, convirti\u00e9ndose en un l\u00edder y una empresa modelo en la industria mundial de su\u00e9teres y contribuyendo positivamente a la prosperidad y desarrollo de la industria de su\u00e9teres.<\/p>\t\t\t\t\t\t\t\t<\/div>\n\t\t\t\t<div class=\"elementor-element elementor-element-a4fb0af elementor-widget elementor-widget-video\" data-id=\"a4fb0af\" data-element_type=\"widget\" data-e-type=\"widget\" data-settings=\"{&quot;video_type&quot;:&quot;hosted&quot;,&quot;controls&quot;:&quot;yes&quot;}\" data-widget_type=\"video.default\">\n\t\t\t\t\t\t\t<div class=\"e-hosted-video elementor-wrapper elementor-open-inline\">\n\t\t\t\t\t<video class=\"elementor-video\" src=\"https:\/\/www.738me.com\/wp-content\/uploads\/2024\/10\/abouyingjia.mp4\" controls=\"\" preload=\"metadata\" controlslist=\"nodownload\"><\/video>\n\t\t\t\t<\/div>\n\t\t\t\t\t\t<\/div>\n\t\t\t\t<\/div>\n\t\t\t\t\t<\/div>\n\t\t\t\t<\/div>\n\t\t<div class=\"elementor-element elementor-element-8195a0d e-flex e-con-boxed e-con e-parent\" data-id=\"8195a0d\" data-element_type=\"container\" data-e-type=\"container\">\n\t\t\t\t\t<div class=\"e-con-inner\">\n\t\t<div class=\"elementor-element elementor-element-d47d4cd e-con-full e-flex e-con e-child\" data-id=\"d47d4cd\" data-element_type=\"container\" data-e-type=\"container\">\n\t\t\t\t<div class=\"elementor-element elementor-element-bf795e2 elementor-widget elementor-widget-heading\" data-id=\"bf795e2\" data-element_type=\"widget\" data-e-type=\"widget\" data-widget_type=\"heading.default\">\n\t\t\t\t\t<h3 class=\"elementor-heading-title elementor-size-default\">Misi\u00f3n de la empresa<\/h3>\t\t\t\t<\/div>\n\t\t\t\t<div class=\"elementor-element elementor-element-ae16dd8 elementor-widget-divider--view-line elementor-widget elementor-widget-divider\" data-id=\"ae16dd8\" data-element_type=\"widget\" data-e-type=\"widget\" data-widget_type=\"divider.default\">\n\t\t\t\t\t\t\t<div class=\"elementor-divider\">\n\t\t\t<span class=\"elementor-divider-separator\">\n\t\t\t\t\t\t<\/span>\n\t\t<\/div>\n\t\t\t\t\t\t<\/div>\n\t\t\t\t<div class=\"elementor-element elementor-element-0179544 elementor-icon-list--layout-traditional elementor-list-item-link-full_width elementor-widget elementor-widget-icon-list\" data-id=\"0179544\" data-element_type=\"widget\" data-e-type=\"widget\" data-widget_type=\"icon-list.default\">\n\t\t\t\t\t\t\t<ul class=\"elementor-icon-list-items\">\n\t\t\t\t\t\t\t<li class=\"elementor-icon-list-item\">\n\t\t\t\t\t\t\t\t\t\t\t<span class=\"elementor-icon-list-icon\">\n\t\t\t\t\t\t\t<svg aria-hidden=\"true\" class=\"e-font-icon-svg e-fas-minus\" viewbox=\"0 0 448 512\" xmlns=\"http:\/\/www.w3.org\/2000\/svg\"><path d=\"M416 208H32c-17.67 0-32 14.33-32 32v32c0 17.67 14.33 32 32 32h384c17.67 0 32-14.33 32-32v-32c0-17.67-14.33-32-32-32z\"><\/path><\/svg>\t\t\t\t\t\t<\/span>\n\t\t\t\t\t\t\t\t\t\t<span class=\"elementor-icon-list-text\">Con una artesan\u00eda exquisita y dise\u00f1os innovadores, proporcionamos a los clientes de todo el mundo ropa a la moda, c\u00f3moda y de alta calidad, con el fin de convertirse en un modelo excepcional en la industria de la moda.<\/span>\n\t\t\t\t\t\t\t\t\t<\/li>\n\t\t\t\t\t\t\t\t<li class=\"elementor-icon-list-item\">\n\t\t\t\t\t\t\t\t\t\t\t<span class=\"elementor-icon-list-icon\">\n\t\t\t\t\t\t\t<svg aria-hidden=\"true\" class=\"e-font-icon-svg e-fas-minus\" viewbox=\"0 0 448 512\" xmlns=\"http:\/\/www.w3.org\/2000\/svg\"><path d=\"M416 208H32c-17.67 0-32 14.33-32 32v32c0 17.67 14.33 32 32 32h384c17.67 0 32-14.33 32-32v-32c0-17.67-14.33-32-32-32z\"><\/path><\/svg>\t\t\t\t\t\t<\/span>\n\t\t\t\t\t\t\t\t\t\t<span class=\"elementor-icon-list-text\">Nos comprometemos a crear soluciones de ropa personalizadas para satisfacer las necesidades de diferentes clientes, y a transmitir la moda y el valor a trav\u00e9s de la calidad y el servicio.<\/span>\n\t\t\t\t\t\t\t\t\t<\/li>\n\t\t\t\t\t\t\t\t<li class=\"elementor-icon-list-item\">\n\t\t\t\t\t\t\t\t\t\t\t<span class=\"elementor-icon-list-icon\">\n\t\t\t\t\t\t\t<svg aria-hidden=\"true\" class=\"e-font-icon-svg e-fas-minus\" viewbox=\"0 0 448 512\" xmlns=\"http:\/\/www.w3.org\/2000\/svg\"><path d=\"M416 208H32c-17.67 0-32 14.33-32 32v32c0 17.67 14.33 32 32 32h384c17.67 0 32-14.33 32-32v-32c0-17.67-14.33-32-32-32z\"><\/path><\/svg>\t\t\t\t\t\t<\/span>\n\t\t\t\t\t\t\t\t\t\t<span class=\"elementor-icon-list-text\">Mediante la innovaci\u00f3n continua y la optimizaci\u00f3n del proceso de producci\u00f3n, proporcionamos a los clientes productos de ropa de alta calidad y eficientes, impulsando el progreso y el desarrollo de la industria de la moda.<\/span>\n\t\t\t\t\t\t\t\t\t<\/li>\n\t\t\t\t\t\t<\/ul>\n\t\t\t\t\t\t<\/div>\n\t\t\t\t<\/div>\n\t\t\t\t\t<\/div>\n\t\t\t\t<\/div>\n\t\t<div class=\"elementor-element elementor-element-b014dcd e-flex e-con-boxed e-con e-parent\" data-id=\"b014dcd\" data-element_type=\"container\" data-e-type=\"container\">\n\t\t\t\t\t<div class=\"e-con-inner\">\n\t\t\t\t<div class=\"elementor-element elementor-element-4b888b8 elementor-widget elementor-widget-heading\" data-id=\"4b888b8\" data-element_type=\"widget\" data-e-type=\"widget\" data-widget_type=\"heading.default\">\n\t\t\t\t\t<h3 class=\"elementor-heading-title elementor-size-default\">CERTIFICADO PERTINENTE<\/h3>\t\t\t\t<\/div>\n\t\t\t\t<div class=\"elementor-element elementor-element-30ebc47 elementor-widget-divider--view-line elementor-widget elementor-widget-divider\" data-id=\"30ebc47\" data-element_type=\"widget\" data-e-type=\"widget\" data-widget_type=\"divider.default\">\n\t\t\t\t\t\t\t<div class=\"elementor-divider\">\n\t\t\t<span class=\"elementor-divider-separator\">\n\t\t\t\t\t\t<\/span>\n\t\t<\/div>\n\t\t\t\t\t\t<\/div>\n\t\t\t\t<div class=\"elementor-element elementor-element-c2c5a03 elementor-widget elementor-widget-image\" data-id=\"c2c5a03\" data-element_type=\"widget\" data-e-type=\"widget\" data-widget_type=\"image.default\">\n\t\t\t\t\t\t\t\t\t\t\t\t\t\t\t<img fetchpriority=\"high\" decoding=\"async\" width=\"1735\" height=\"562\" src=\"https:\/\/www.738me.com\/wp-content\/uploads\/2024\/11\/certificate.jpg\" class=\"attachment-full size-full wp-image-6583\" alt=\"Sweater factory Sweater manufacturer Sweater maker\" srcset=\"https:\/\/www.738me.com\/wp-content\/uploads\/2024\/11\/certificate.jpg 1735w, https:\/\/www.738me.com\/wp-content\/uploads\/2024\/11\/certificate-300x97.jpg 300w, https:\/\/www.738me.com\/wp-content\/uploads\/2024\/11\/certificate-1024x332.jpg 1024w, https:\/\/www.738me.com\/wp-content\/uploads\/2024\/11\/certificate-768x249.jpg 768w, https:\/\/www.738me.com\/wp-content\/uploads\/2024\/11\/certificate-1536x498.jpg 1536w, https:\/\/www.738me.com\/wp-content\/uploads\/2024\/11\/certificate-18x6.jpg 18w\" sizes=\"(max-width: 1735px) 100vw, 1735px\" \/>\t\t\t\t\t\t\t\t\t\t\t\t\t\t\t<\/div>\n\t\t\t\t\t<\/div>\n\t\t\t\t<\/div>\n\t\t\t\t<\/div>","protected":false},"excerpt":{"rendered":"<p>An expert in sweater production Our sweater factory Since its establishment in 2003, Yingjia Clothing Company has stood out in the sweater manufacturing field with its professional strength and has become a remarkable professional sweater factory in the industry. Yingjia Clothing is renowned for its strong ability to develop sweater samples. The company&#8217;s design team [&hellip;]<\/p>\n","protected":false},"author":2,"featured_media":0,"parent":0,"menu_order":0,"comment_status":"closed","ping_status":"closed","template":"","meta":{"site-sidebar-layout":"no-sidebar","site-content-layout":"page-builder","ast-site-content-layout":"full-width-container","site-content-style":"unboxed","site-sidebar-style":"unboxed","ast-global-header-display":"","ast-banner-title-visibility":"","ast-main-header-display":"","ast-hfb-above-header-display":"","ast-hfb-below-header-display":"","ast-hfb-mobile-header-display":"","site-post-title":"disabled","ast-breadcrumbs-content":"","ast-featured-img":"disabled","footer-sml-layout":"","ast-disable-related-posts":"","theme-transparent-header-meta":"enabled","adv-header-id-meta":"","stick-header-meta":"","header-above-stick-meta":"","header-main-stick-meta":"","header-below-stick-meta":"","astra-migrate-meta-layouts":"set","ast-page-background-enabled":"default","ast-page-background-meta":{"desktop":{"background-color":"","background-image":"","background-repeat":"repeat","background-position":"center center","background-size":"auto","background-attachment":"scroll","background-type":"","background-media":"","overlay-type":"","overlay-color":"","overlay-opacity":"","overlay-gradient":""},"tablet":{"background-color":"","background-image":"","background-repeat":"repeat","background-position":"center center","background-size":"auto","background-attachment":"scroll","background-type":"","background-media":"","overlay-type":"","overlay-color":"","overlay-opacity":"","overlay-gradient":""},"mobile":{"background-color":"","background-image":"","background-repeat":"repeat","background-position":"center center","background-size":"auto","background-attachment":"scroll","background-type":"","background-media":"","overlay-type":"","overlay-color":"","overlay-opacity":"","overlay-gradient":""}},"ast-content-background-meta":{"desktop":{"background-color":"var(--ast-global-color-5)","background-image":"","background-repeat":"repeat","background-position":"center center","background-size":"auto","background-attachment":"scroll","background-type":"","background-media":"","overlay-type":"","overlay-color":"","overlay-opacity":"","overlay-gradient":""},"tablet":{"background-color":"var(--ast-global-color-5)","background-image":"","background-repeat":"repeat","background-position":"center center","background-size":"auto","background-attachment":"scroll","background-type":"","background-media":"","overlay-type":"","overlay-color":"","overlay-opacity":"","overlay-gradient":""},"mobile":{"background-color":"var(--ast-global-color-5)","background-image":"","background-repeat":"repeat","background-position":"center center","background-size":"auto","background-attachment":"scroll","background-type":"","background-media":"","overlay-type":"","overlay-color":"","overlay-opacity":"","overlay-gradient":""}},"footnotes":""},"class_list":["post-5","page","type-page","status-publish","hentry"],"aioseo_notices":[],"_hostinger_reach_plugin_has_subscription_block":false,"_hostinger_reach_plugin_is_elementor":false,"_links":{"self":[{"href":"https:\/\/www.www2.2012i.com\/es\/wp-json\/wp\/v2\/pages\/5","targetHints":{"allow":["GET"]}}],"collection":[{"href":"https:\/\/www.www2.2012i.com\/es\/wp-json\/wp\/v2\/pages"}],"about":[{"href":"https:\/\/www.www2.2012i.com\/es\/wp-json\/wp\/v2\/types\/page"}],"author":[{"embeddable":true,"href":"https:\/\/www.www2.2012i.com\/es\/wp-json\/wp\/v2\/users\/2"}],"replies":[{"embeddable":true,"href":"https:\/\/www.www2.2012i.com\/es\/wp-json\/wp\/v2\/comments?post=5"}],"version-history":[{"count":75,"href":"https:\/\/www.www2.2012i.com\/es\/wp-json\/wp\/v2\/pages\/5\/revisions"}],"predecessor-version":[{"id":7681,"href":"https:\/\/www.www2.2012i.com\/es\/wp-json\/wp\/v2\/pages\/5\/revisions\/7681"}],"wp:attachment":[{"href":"https:\/\/www.www2.2012i.com\/es\/wp-json\/wp\/v2\/media?parent=5"}],"curies":[{"name":"wp","href":"https:\/\/api.w.org\/{rel}","templated":true}]}}