{"id":5,"date":"2024-10-18T03:19:14","date_gmt":"2024-10-18T03:19:14","guid":{"rendered":"https:\/\/www.738me.com\/about\/"},"modified":"2024-12-27T03:10:11","modified_gmt":"2024-12-27T03:10:11","slug":"about","status":"publish","type":"page","link":"https:\/\/www.www2.2012i.com\/it\/about\/","title":{"rendered":"Su di noi"},"content":{"rendered":"<div data-elementor-type=\"wp-post\" data-elementor-id=\"5\" class=\"elementor elementor-5\" data-elementor-post-type=\"page\">\n\t\t\t\t<div class=\"elementor-element elementor-element-5f02ddf e-flex e-con-boxed e-con e-parent\" data-id=\"5f02ddf\" data-element_type=\"container\" data-e-type=\"container\" data-settings=\"{&quot;background_background&quot;:&quot;classic&quot;}\">\n\t\t\t\t\t<div class=\"e-con-inner\">\n\t\t<div class=\"elementor-element elementor-element-0502d81 e-con-full e-flex e-con e-child\" data-id=\"0502d81\" data-element_type=\"container\" data-e-type=\"container\">\n\t\t\t\t<div class=\"elementor-element elementor-element-03d202b elementor-widget elementor-widget-heading\" data-id=\"03d202b\" data-element_type=\"widget\" data-e-type=\"widget\" data-widget_type=\"heading.default\">\n\t\t\t\t\t<h1 class=\"elementor-heading-title elementor-size-default\">Un esperto nella produzione di maglioni<\/h1>\t\t\t\t<\/div>\n\t\t\t\t<\/div>\n\t\t\t\t\t<\/div>\n\t\t\t\t<\/div>\n\t\t<div class=\"elementor-element elementor-element-ce23579 e-flex e-con-boxed e-con e-parent\" data-id=\"ce23579\" data-element_type=\"container\" data-e-type=\"container\">\n\t\t\t\t\t<div class=\"e-con-inner\">\n\t\t<div class=\"elementor-element elementor-element-89a7aec e-con-full e-flex e-con e-child\" data-id=\"89a7aec\" data-element_type=\"container\" data-e-type=\"container\">\n\t\t\t\t<div class=\"elementor-element elementor-element-a01f0dc elementor-widget elementor-widget-heading\" data-id=\"a01f0dc\" data-element_type=\"widget\" data-e-type=\"widget\" data-widget_type=\"heading.default\">\n\t\t\t\t\t<h3 class=\"elementor-heading-title elementor-size-default\">La nostra azienda di produzione di maglioni<\/h3>\t\t\t\t<\/div>\n\t\t\t\t<div class=\"elementor-element elementor-element-c43b3dd elementor-widget-divider--view-line elementor-widget elementor-widget-divider\" data-id=\"c43b3dd\" data-element_type=\"widget\" data-e-type=\"widget\" data-widget_type=\"divider.default\">\n\t\t\t\t\t\t\t<div class=\"elementor-divider\">\n\t\t\t<span class=\"elementor-divider-separator\">\n\t\t\t\t\t\t<\/span>\n\t\t<\/div>\n\t\t\t\t\t\t<\/div>\n\t\t\t\t<div class=\"elementor-element elementor-element-e871351 elementor-widget elementor-widget-text-editor\" data-id=\"e871351\" data-element_type=\"widget\" data-e-type=\"widget\" data-widget_type=\"text-editor.default\">\n\t\t\t\t\t\t\t\t\t<p>Dai tempi della sua fondazione nel 2003, la ditta Yingjia Clothing si \u00e8 distinta nel settore della produzione di maglioni grazie alla sua forza professionnelle e si \u00e8 trasformata in un'azienda di produzione di maglioni professionale di rilievo nell'industria.<\/p><p>Yingjia Clothing \u00e8 rinomata per la sua forte capacit\u00e0 di sviluppare campioni di maglioni. Il team di design dell'azienda \u00e8 composto da numerosi professionisti talentuosi e esperti. Seguono costantemente le ultime tendenze moda e riescono a percepire con precisione le variazioni delle tendenze del mercato, incorporando abilmente vari elementi di moda nei disegni dei maglioni. Sia che si tratti di modelli di base semplici e eleganti o di modelli personalizzati di alta qualit\u00e0, esquisiti e lussuosi, Yingjia Clothing \u00e8 in grado di sviluppare rapidamente e con precisione campioni di maglioni che soddisfano le esigenze e le aspettative estetiche dei clienti, fornendo una ricca fonte di creativit\u00e0 e un sostegno solido per il design nella pianificazione dei prodotti dei clienti, aiutando notevolmente i clienti a cogliere le opportunit\u00e0 sul mercato dei maglioni.<\/p><p>Per quanto riguarda il controllo della qualit\u00e0 dei maglioni, Yingjia Clothing ha sempre aderito a norme severe. Dalla cura nella selezione e nell'acquisto delle materie prime di alta qualit\u00e0, all'esecuzione meticolosa di ogni processo di maglia, fino alle successive fasi di stiratura e confezionamento, l'azienda ha istituito un sistema di monitoraggio della qualit\u00e0 completo e a pi\u00f9 livelli. Ogni maglione deve superare diversi punti di controllo rigorosi dell'ispezione della qualit\u00e0 per assicurarsi di raggiungere un'eccellente qualit\u00e0 in termini di tessitura del tessuto, di adattamento del modello, di solidit\u00e0 dei colori e di finitura dei dettagli, offrendo ai consumatori prodotti di maglioni confortevoli, belli e durabili e ottenendo un'alta riconoscimento sul mercato e la fiducia dei consumatori.<\/p><p>La consegna puntuale \u00e8 un impegno fermo di Yingjia Clothing nei confronti dei suoi clienti. Grazie a una pianificazione scientifica e ragionevole della produzione, a un meccanismo di collaborazione tra i dipartimenti efficiente e coordinato e a un sistema di gestione della catena di approvvigionamento solido, l'azienda si assicura che ogni ordine venga portato a termine e consegnato secondo i tempi previsti. Che si tratti di un ordine di produzione su scala industriale o di un ordine di produzione personalizzata in piccoli lotti urgente, Yingjia Clothing \u00e8 in grado di organizzare la produzione in modo ordinato, di allocare efficientemente le risorse e di controllare con precisione i progressi, in modo quei clienti non debbano preoccuparsi per i ritardi di consegna, garantendo efficacemente l'attuazione senza intoppi dei ritmi di operazione commerciale e dei piani di vendita dei clienti.<\/p><p>In qualit\u00e0 di azienda di produzione di maglioni specializzata in OEM &amp; ODM, Yingjia Clothing ha attirato la collaborazione a lungo termine di molti clienti europei e americani grazie ai suoi servizi professionali, efficienti e di alta qualit\u00e0. L'azienda ha una comprensione approfondita dei gusti di moda e dei bisogni di consumo dei mercati europeo e americano e \u00e8 in grado di personalizzare prodotti di maglioni unici che soddisfino le norme dei mercati europeo e americano in base alla posizione di marca e alle esigenze di design dei clienti europei e americani. Durante il processo di collaborazione a lungo termine, Yingjia Clothing ha stabilito una buona immagine aziendale e una reputazione di marca tra i clienti europeo e americano grazie alla sua eccellente qualit\u00e0 di prodotti, alla sua capacit\u00e0 de design innovante e alla sua garanzia di consegna affidabile, consolidando ulteriormente la sua importante posizione sul mercato europeo e americano di maglioni.<\/p><p>Nel percorso de sviluppo futuro, la ditta Yingjia Clothing continuer\u00e0 a concentrarsi sul \"maglione\" come attivit\u00e0 principale, basandosi sulla propria forza de \"azienda de production de maglioni\" forte, e continuer\u00e0 ad aumentare gli investimenti nella ricerca e sviluppo tecnologica, nella formazione de talenti e nell'aggiornamento dell'equipaggiamento per migliorare costantemente la competitivit\u00e0 complessiva dell'azienda. Aderendo alla costante ricerca de qualit\u00e0, agli sforzi incessanti in materia de innovazione e a un atteggiamento altamente responsabile nei confronti dei clienti, Yingjia Clothing si impegna a fornire ai clienti de tutto il mondo prodotti e servizi de maglioni de migliore qualit\u00e0, pi\u00f9 alla moda e pi\u00f9 personalizzati, continuando a scrivere un capitolo brillante nel settore de produzione de maglioni, diventando un leader e un modello aziendale in l'industria mondiale de maglioni e contribuendo positivamente a la prosp\u00e9rit\u00e9 e al sviluppo de l'industria de maglioni.<\/p>\t\t\t\t\t\t\t\t<\/div>\n\t\t\t\t<div class=\"elementor-element elementor-element-a4fb0af elementor-widget elementor-widget-video\" data-id=\"a4fb0af\" data-element_type=\"widget\" data-e-type=\"widget\" data-settings=\"{&quot;video_type&quot;:&quot;hosted&quot;,&quot;controls&quot;:&quot;yes&quot;}\" data-widget_type=\"video.default\">\n\t\t\t\t\t\t\t<div class=\"e-hosted-video elementor-wrapper elementor-open-inline\">\n\t\t\t\t\t<video class=\"elementor-video\" src=\"https:\/\/www.738me.com\/wp-content\/uploads\/2024\/10\/abouyingjia.mp4\" controls=\"\" preload=\"metadata\" controlslist=\"nodownload\"><\/video>\n\t\t\t\t<\/div>\n\t\t\t\t\t\t<\/div>\n\t\t\t\t<\/div>\n\t\t\t\t\t<\/div>\n\t\t\t\t<\/div>\n\t\t<div class=\"elementor-element elementor-element-8195a0d e-flex e-con-boxed e-con e-parent\" data-id=\"8195a0d\" data-element_type=\"container\" data-e-type=\"container\">\n\t\t\t\t\t<div class=\"e-con-inner\">\n\t\t<div class=\"elementor-element elementor-element-d47d4cd e-con-full e-flex e-con e-child\" data-id=\"d47d4cd\" data-element_type=\"container\" data-e-type=\"container\">\n\t\t\t\t<div class=\"elementor-element elementor-element-bf795e2 elementor-widget elementor-widget-heading\" data-id=\"bf795e2\" data-element_type=\"widget\" data-e-type=\"widget\" data-widget_type=\"heading.default\">\n\t\t\t\t\t<h3 class=\"elementor-heading-title elementor-size-default\">Missione aziendale<\/h3>\t\t\t\t<\/div>\n\t\t\t\t<div class=\"elementor-element elementor-element-ae16dd8 elementor-widget-divider--view-line elementor-widget elementor-widget-divider\" data-id=\"ae16dd8\" data-element_type=\"widget\" data-e-type=\"widget\" data-widget_type=\"divider.default\">\n\t\t\t\t\t\t\t<div class=\"elementor-divider\">\n\t\t\t<span class=\"elementor-divider-separator\">\n\t\t\t\t\t\t<\/span>\n\t\t<\/div>\n\t\t\t\t\t\t<\/div>\n\t\t\t\t<div class=\"elementor-element elementor-element-0179544 elementor-icon-list--layout-traditional elementor-list-item-link-full_width elementor-widget elementor-widget-icon-list\" data-id=\"0179544\" data-element_type=\"widget\" data-e-type=\"widget\" data-widget_type=\"icon-list.default\">\n\t\t\t\t\t\t\t<ul class=\"elementor-icon-list-items\">\n\t\t\t\t\t\t\t<li class=\"elementor-icon-list-item\">\n\t\t\t\t\t\t\t\t\t\t\t<span class=\"elementor-icon-list-icon\">\n\t\t\t\t\t\t\t<svg aria-hidden=\"true\" class=\"e-font-icon-svg e-fas-minus\" viewbox=\"0 0 448 512\" xmlns=\"http:\/\/www.w3.org\/2000\/svg\"><path d=\"M416 208H32c-17.67 0-32 14.33-32 32v32c0 17.67 14.33 32 32 32h384c17.67 0 32-14.33 32-32v-32c0-17.67-14.33-32-32-32z\"><\/path><\/svg>\t\t\t\t\t\t<\/span>\n\t\t\t\t\t\t\t\t\t\t<span class=\"elementor-icon-list-text\">Con un'arte manifatturiera squisita e progettazioni innovative, forniamo ai clienti di tutto il mondo abiti alla moda, confortevoli e di alta qualit\u00e0, con l'obiettivo di diventare un modello eccellente nell'industria dell'abbigliamento.<\/span>\n\t\t\t\t\t\t\t\t\t<\/li>\n\t\t\t\t\t\t\t\t<li class=\"elementor-icon-list-item\">\n\t\t\t\t\t\t\t\t\t\t\t<span class=\"elementor-icon-list-icon\">\n\t\t\t\t\t\t\t<svg aria-hidden=\"true\" class=\"e-font-icon-svg e-fas-minus\" viewbox=\"0 0 448 512\" xmlns=\"http:\/\/www.w3.org\/2000\/svg\"><path d=\"M416 208H32c-17.67 0-32 14.33-32 32v32c0 17.67 14.33 32 32 32h384c17.67 0 32-14.33 32-32v-32c0-17.67-14.33-32-32-32z\"><\/path><\/svg>\t\t\t\t\t\t<\/span>\n\t\t\t\t\t\t\t\t\t\t<span class=\"elementor-icon-list-text\">Ci impegniamo a creare soluzioni abitative personalizzate per soddisfare le esigenze di diversi clienti, e a trasmettere la moda e il valore attraverso la qualit\u00e0 e il servizio.<\/span>\n\t\t\t\t\t\t\t\t\t<\/li>\n\t\t\t\t\t\t\t\t<li class=\"elementor-icon-list-item\">\n\t\t\t\t\t\t\t\t\t\t\t<span class=\"elementor-icon-list-icon\">\n\t\t\t\t\t\t\t<svg aria-hidden=\"true\" class=\"e-font-icon-svg e-fas-minus\" viewbox=\"0 0 448 512\" xmlns=\"http:\/\/www.w3.org\/2000\/svg\"><path d=\"M416 208H32c-17.67 0-32 14.33-32 32v32c0 17.67 14.33 32 32 32h384c17.67 0 32-14.33 32-32v-32c0-17.67-14.33-32-32-32z\"><\/path><\/svg>\t\t\t\t\t\t<\/span>\n\t\t\t\t\t\t\t\t\t\t<span class=\"elementor-icon-list-text\">Tramite l'innovazione continua e l'optimizzazione del processo di produzione, forniamo ai clienti prodotti abilitativi di alta qualit\u00e0 e efficaci, promuovendo il progresso e lo sviluppo dell'industria dell'abbigliamento.<\/span>\n\t\t\t\t\t\t\t\t\t<\/li>\n\t\t\t\t\t\t<\/ul>\n\t\t\t\t\t\t<\/div>\n\t\t\t\t<\/div>\n\t\t\t\t\t<\/div>\n\t\t\t\t<\/div>\n\t\t<div class=\"elementor-element elementor-element-b014dcd e-flex e-con-boxed e-con e-parent\" data-id=\"b014dcd\" data-element_type=\"container\" data-e-type=\"container\">\n\t\t\t\t\t<div class=\"e-con-inner\">\n\t\t\t\t<div class=\"elementor-element elementor-element-4b888b8 elementor-widget elementor-widget-heading\" data-id=\"4b888b8\" data-element_type=\"widget\" data-e-type=\"widget\" data-widget_type=\"heading.default\">\n\t\t\t\t\t<h3 class=\"elementor-heading-title elementor-size-default\">CERTIFICATO PERTINENTE<\/h3>\t\t\t\t<\/div>\n\t\t\t\t<div class=\"elementor-element elementor-element-30ebc47 elementor-widget-divider--view-line elementor-widget elementor-widget-divider\" data-id=\"30ebc47\" data-element_type=\"widget\" data-e-type=\"widget\" data-widget_type=\"divider.default\">\n\t\t\t\t\t\t\t<div class=\"elementor-divider\">\n\t\t\t<span class=\"elementor-divider-separator\">\n\t\t\t\t\t\t<\/span>\n\t\t<\/div>\n\t\t\t\t\t\t<\/div>\n\t\t\t\t<div class=\"elementor-element elementor-element-c2c5a03 elementor-widget elementor-widget-image\" data-id=\"c2c5a03\" data-element_type=\"widget\" data-e-type=\"widget\" data-widget_type=\"image.default\">\n\t\t\t\t\t\t\t\t\t\t\t\t\t\t\t<img fetchpriority=\"high\" decoding=\"async\" width=\"1735\" height=\"562\" src=\"https:\/\/www.738me.com\/wp-content\/uploads\/2024\/11\/certificate.jpg\" class=\"attachment-full size-full wp-image-6583\" alt=\"Sweater factory Sweater manufacturer Sweater maker\" srcset=\"https:\/\/www.738me.com\/wp-content\/uploads\/2024\/11\/certificate.jpg 1735w, https:\/\/www.738me.com\/wp-content\/uploads\/2024\/11\/certificate-300x97.jpg 300w, https:\/\/www.738me.com\/wp-content\/uploads\/2024\/11\/certificate-1024x332.jpg 1024w, https:\/\/www.738me.com\/wp-content\/uploads\/2024\/11\/certificate-768x249.jpg 768w, https:\/\/www.738me.com\/wp-content\/uploads\/2024\/11\/certificate-1536x498.jpg 1536w, https:\/\/www.738me.com\/wp-content\/uploads\/2024\/11\/certificate-18x6.jpg 18w\" sizes=\"(max-width: 1735px) 100vw, 1735px\" \/>\t\t\t\t\t\t\t\t\t\t\t\t\t\t\t<\/div>\n\t\t\t\t\t<\/div>\n\t\t\t\t<\/div>\n\t\t\t\t<\/div>","protected":false},"excerpt":{"rendered":"<p>An expert in sweater production Our sweater factory Since its establishment in 2003, Yingjia Clothing Company has stood out in the sweater manufacturing field with its professional strength and has become a remarkable professional sweater factory in the industry. Yingjia Clothing is renowned for its strong ability to develop sweater samples. The company&#8217;s design team [&hellip;]<\/p>\n","protected":false},"author":2,"featured_media":0,"parent":0,"menu_order":0,"comment_status":"closed","ping_status":"closed","template":"","meta":{"site-sidebar-layout":"no-sidebar","site-content-layout":"page-builder","ast-site-content-layout":"full-width-container","site-content-style":"unboxed","site-sidebar-style":"unboxed","ast-global-header-display":"","ast-banner-title-visibility":"","ast-main-header-display":"","ast-hfb-above-header-display":"","ast-hfb-below-header-display":"","ast-hfb-mobile-header-display":"","site-post-title":"disabled","ast-breadcrumbs-content":"","ast-featured-img":"disabled","footer-sml-layout":"","ast-disable-related-posts":"","theme-transparent-header-meta":"enabled","adv-header-id-meta":"","stick-header-meta":"","header-above-stick-meta":"","header-main-stick-meta":"","header-below-stick-meta":"","astra-migrate-meta-layouts":"set","ast-page-background-enabled":"default","ast-page-background-meta":{"desktop":{"background-color":"","background-image":"","background-repeat":"repeat","background-position":"center center","background-size":"auto","background-attachment":"scroll","background-type":"","background-media":"","overlay-type":"","overlay-color":"","overlay-opacity":"","overlay-gradient":""},"tablet":{"background-color":"","background-image":"","background-repeat":"repeat","background-position":"center center","background-size":"auto","background-attachment":"scroll","background-type":"","background-media":"","overlay-type":"","overlay-color":"","overlay-opacity":"","overlay-gradient":""},"mobile":{"background-color":"","background-image":"","background-repeat":"repeat","background-position":"center center","background-size":"auto","background-attachment":"scroll","background-type":"","background-media":"","overlay-type":"","overlay-color":"","overlay-opacity":"","overlay-gradient":""}},"ast-content-background-meta":{"desktop":{"background-color":"var(--ast-global-color-5)","background-image":"","background-repeat":"repeat","background-position":"center center","background-size":"auto","background-attachment":"scroll","background-type":"","background-media":"","overlay-type":"","overlay-color":"","overlay-opacity":"","overlay-gradient":""},"tablet":{"background-color":"var(--ast-global-color-5)","background-image":"","background-repeat":"repeat","background-position":"center center","background-size":"auto","background-attachment":"scroll","background-type":"","background-media":"","overlay-type":"","overlay-color":"","overlay-opacity":"","overlay-gradient":""},"mobile":{"background-color":"var(--ast-global-color-5)","background-image":"","background-repeat":"repeat","background-position":"center center","background-size":"auto","background-attachment":"scroll","background-type":"","background-media":"","overlay-type":"","overlay-color":"","overlay-opacity":"","overlay-gradient":""}},"footnotes":""},"class_list":["post-5","page","type-page","status-publish","hentry"],"aioseo_notices":[],"_hostinger_reach_plugin_has_subscription_block":false,"_hostinger_reach_plugin_is_elementor":false,"_links":{"self":[{"href":"https:\/\/www.www2.2012i.com\/it\/wp-json\/wp\/v2\/pages\/5","targetHints":{"allow":["GET"]}}],"collection":[{"href":"https:\/\/www.www2.2012i.com\/it\/wp-json\/wp\/v2\/pages"}],"about":[{"href":"https:\/\/www.www2.2012i.com\/it\/wp-json\/wp\/v2\/types\/page"}],"author":[{"embeddable":true,"href":"https:\/\/www.www2.2012i.com\/it\/wp-json\/wp\/v2\/users\/2"}],"replies":[{"embeddable":true,"href":"https:\/\/www.www2.2012i.com\/it\/wp-json\/wp\/v2\/comments?post=5"}],"version-history":[{"count":75,"href":"https:\/\/www.www2.2012i.com\/it\/wp-json\/wp\/v2\/pages\/5\/revisions"}],"predecessor-version":[{"id":7681,"href":"https:\/\/www.www2.2012i.com\/it\/wp-json\/wp\/v2\/pages\/5\/revisions\/7681"}],"wp:attachment":[{"href":"https:\/\/www.www2.2012i.com\/it\/wp-json\/wp\/v2\/media?parent=5"}],"curies":[{"name":"wp","href":"https:\/\/api.w.org\/{rel}","templated":true}]}}