{"id":5,"date":"2024-10-18T03:19:14","date_gmt":"2024-10-18T03:19:14","guid":{"rendered":"https:\/\/www.738me.com\/about\/"},"modified":"2024-12-27T03:10:11","modified_gmt":"2024-12-27T03:10:11","slug":"about","status":"publish","type":"page","link":"https:\/\/www.www2.2012i.com\/pt\/about\/","title":{"rendered":"Sobre n\u00f3s"},"content":{"rendered":"<div data-elementor-type=\"wp-post\" data-elementor-id=\"5\" class=\"elementor elementor-5\" data-elementor-post-type=\"page\">\n\t\t\t\t<div class=\"elementor-element elementor-element-5f02ddf e-flex e-con-boxed e-con e-parent\" data-id=\"5f02ddf\" data-element_type=\"container\" data-e-type=\"container\" data-settings=\"{&quot;background_background&quot;:&quot;classic&quot;}\">\n\t\t\t\t\t<div class=\"e-con-inner\">\n\t\t<div class=\"elementor-element elementor-element-0502d81 e-con-full e-flex e-con e-child\" data-id=\"0502d81\" data-element_type=\"container\" data-e-type=\"container\">\n\t\t\t\t<div class=\"elementor-element elementor-element-03d202b elementor-widget elementor-widget-heading\" data-id=\"03d202b\" data-element_type=\"widget\" data-e-type=\"widget\" data-widget_type=\"heading.default\">\n\t\t\t\t\t<h1 class=\"elementor-heading-title elementor-size-default\">Um especialista na produ\u00e7\u00e3o de pul\u00f4vers<\/h1>\t\t\t\t<\/div>\n\t\t\t\t<\/div>\n\t\t\t\t\t<\/div>\n\t\t\t\t<\/div>\n\t\t<div class=\"elementor-element elementor-element-ce23579 e-flex e-con-boxed e-con e-parent\" data-id=\"ce23579\" data-element_type=\"container\" data-e-type=\"container\">\n\t\t\t\t\t<div class=\"e-con-inner\">\n\t\t<div class=\"elementor-element elementor-element-89a7aec e-con-full e-flex e-con e-child\" data-id=\"89a7aec\" data-element_type=\"container\" data-e-type=\"container\">\n\t\t\t\t<div class=\"elementor-element elementor-element-a01f0dc elementor-widget elementor-widget-heading\" data-id=\"a01f0dc\" data-element_type=\"widget\" data-e-type=\"widget\" data-widget_type=\"heading.default\">\n\t\t\t\t\t<h3 class=\"elementor-heading-title elementor-size-default\">A nossa f\u00e1brica de pul\u00f4vers<\/h3>\t\t\t\t<\/div>\n\t\t\t\t<div class=\"elementor-element elementor-element-c43b3dd elementor-widget-divider--view-line elementor-widget elementor-widget-divider\" data-id=\"c43b3dd\" data-element_type=\"widget\" data-e-type=\"widget\" data-widget_type=\"divider.default\">\n\t\t\t\t\t\t\t<div class=\"elementor-divider\">\n\t\t\t<span class=\"elementor-divider-separator\">\n\t\t\t\t\t\t<\/span>\n\t\t<\/div>\n\t\t\t\t\t\t<\/div>\n\t\t\t\t<div class=\"elementor-element elementor-element-e871351 elementor-widget elementor-widget-text-editor\" data-id=\"e871351\" data-element_type=\"widget\" data-e-type=\"widget\" data-widget_type=\"text-editor.default\">\n\t\t\t\t\t\t\t\t\t<p>Desde sua funda\u00e7\u00e3o em 2003, a empresa Yingjia Clothing se destacou no campo da produ\u00e7\u00e3o de pul\u00f4vers devido \u00e0 sua for\u00e7a profissional e tornou-se uma f\u00e1brica de pul\u00f4vers profissional not\u00e1vel na ind\u00fastria.<\/p><p>Yingjia Clothing \u00e9 renomada por sua forte capacidade de desenvolver amostras de pul\u00f4vers. A equipe de design da empresa \u00e9 composta por muitos profissionais talentosos e experientes. Eles sempre acompanham as \u00faltimas tend\u00eancias da moda e percebem com precis\u00e3o as mudan\u00e7as nas tend\u00eancias do mercado, incorporando habilmente v\u00e1rios elementos de moda nos designs de pul\u00f4vers. Sejam estilos b\u00e1sicos simples e elegantes ou estilos personalizados de alta qualidade, requintados e luxuosos, Yingjia Clothing pode desenvolver rapidamente e com precis\u00e3o amostras de pul\u00f4vers que atendam \u00e0s necessidades e expectativas est\u00e9ticas dos clientes, fornecendo uma rica fonte de criatividade e um s\u00f3lido apoio de design para a planifica\u00e7\u00e3o de produtos dos clientes, ajudando muito os clientes a aproveitar as oportunidades no mercado de pul\u00f4vers.<\/p><p>Em rela\u00e7\u00e3o ao controle de qualidade dos pul\u00f4vers, Yingjia Clothing sempre aderiu a normas rigorosas. Desde a cuidadosa sele\u00e7\u00e3o e aquisi\u00e7\u00e3o de mat\u00e9rias-primas de alta qualidade, at\u00e9 a meticulosa execu\u00e7\u00e3o de cada processo de tricotagem, e depois \u00e0s etapas posteriores de passar e embalar, a empresa estabeleceu um sistema de monitoramento de qualidade completo e em v\u00e1rios n\u00edveis. Cada pul\u00f4ver tem que passar por v\u00e1rios pontos de controle rigorosos da inspe\u00e7\u00e3o de qualidade para garantir que alcance uma excelente qualidade em termos de textura da tecla, ajuste do modelo, resist\u00eancia da cor e acabamento dos detalhes, oferecendo aos consumidores produtos de pul\u00f4vers confort\u00e1veis, bonitos e dur\u00e1veis e obtendo um alto reconhecimento no mercado e a confian\u00e7a dos consumidores.<\/p><p>A entrega pontual \u00e9 um firme compromisso da Yingjia Clothing com seus clientes. Gra\u00e7as a arranjos cient\u00edficos e razo\u00e1veis de planejamento de produ\u00e7\u00e3o, um mecanismo eficiente e coordenado de colabora\u00e7\u00e3o entre departamentos e um s\u00f3lido sistema de gest\u00e3o da cadeia de abastecimento, a empresa se assegura de que cada pedido possa ser realizado e entregue de acordo com os prazos previstos. Seja um pedido de produ\u00e7\u00e3o em massa em grande escala ou um pedido de produ\u00e7\u00e3o personalizada em pequenos lotes urgentes, Yingjia Clothing pode organizar a produ\u00e7\u00e3o de maneira ordenada, alocar eficientemente os recursos e controlar com precis\u00e3o o progresso, de modo que os clientes n\u00e3o tenham que preocupar-se com atrasos na entrega, garantindo eficazmente a implementa\u00e7\u00e3o sem problemas dos ritmos de opera\u00e7\u00e3o comercial e dos planos de venda dos clientes.<\/p><p>Como f\u00e1brica de pul\u00f4vers focada em OEM &amp; ODM, Yingjia Clothing conseguiu atrair a colabora\u00e7\u00e3o a longo prazo de muitos clientes europeos e americanos gra\u00e7as aos seus servi\u00e7os profissionais, eficientes e de alta qualidade. A empresa tem uma compreens\u00e3o profunda dos gostos de moda e das necessidades de consumo dos mercados europeu e americano e pode personalizar produtos de pul\u00f4vers \u00fanicos que atendam \u00e0s normas dos mercados europeu e americano de acordo com a posi\u00e7\u00e3o de marca e os requisitos de design dos clientes europeu e americanos. Durante o processo de colabora\u00e7\u00e3o a longo prazo, Yingjia Clothing estabeleceu uma boa imagem corporativa e uma reputa\u00e7\u00e3o de marca entre os clientes europeu e americanos gra\u00e7a \u00e0 sua excelente qualidade de produtos, capacidade de design inovador e garantia de entrega confi\u00e1vel, consolidando ainda mais sua importante posi\u00e7\u00e3o no mercado europeu e americano de pul\u00f4vers.<\/p><p>No caminho do desenvolvimento futuro, a empresa Yingjia Clothing continuar\u00e1 focando no \"pul\u00f4ver\" como neg\u00f3cio principal, apoiando-se na sua pr\u00f3pria for\u00e7a como \"f\u00e1brica de pul\u00f4vers\" forte, e continuar\u00e1 aumentando os investimentos em pesquisa e desenvolvimento tecnol\u00f3gico, forma\u00e7\u00e3o de talentos e atualiza\u00e7\u00e3o de equipamentos para melhorar constantemente a competitividade geral da empresa. Aderindo \u00e0 busca constante da qualidade, aos esfor\u00e7os incessantes em inova\u00e7\u00e3o e a uma atitude altamente respons\u00e1vel para com os clientes, Yingjia Clothing se compromete a fornecer aos clientes de todo o mundo produtos e servi\u00e7os de pul\u00f4vers de melhor qualidade, mais na moda e mais personalizados, continuando a escrever um brilhante cap\u00edtulo no campo da produ\u00e7\u00e3o de pul\u00f4vers, tornando-se um l\u00edder e uma empresa modelo na ind\u00fastria mundial de pul\u00f4vers e contribuindo positivamente \u00e0 prosperidade e desenvolvimento da ind\u00fastria de pul\u00f4vers.<\/p>\t\t\t\t\t\t\t\t<\/div>\n\t\t\t\t<div class=\"elementor-element elementor-element-a4fb0af elementor-widget elementor-widget-video\" data-id=\"a4fb0af\" data-element_type=\"widget\" data-e-type=\"widget\" data-settings=\"{&quot;video_type&quot;:&quot;hosted&quot;,&quot;controls&quot;:&quot;yes&quot;}\" data-widget_type=\"video.default\">\n\t\t\t\t\t\t\t<div class=\"e-hosted-video elementor-wrapper elementor-open-inline\">\n\t\t\t\t\t<video class=\"elementor-video\" src=\"https:\/\/www.738me.com\/wp-content\/uploads\/2024\/10\/abouyingjia.mp4\" controls=\"\" preload=\"metadata\" controlslist=\"nodownload\"><\/video>\n\t\t\t\t<\/div>\n\t\t\t\t\t\t<\/div>\n\t\t\t\t<\/div>\n\t\t\t\t\t<\/div>\n\t\t\t\t<\/div>\n\t\t<div class=\"elementor-element elementor-element-8195a0d e-flex e-con-boxed e-con e-parent\" data-id=\"8195a0d\" data-element_type=\"container\" data-e-type=\"container\">\n\t\t\t\t\t<div class=\"e-con-inner\">\n\t\t<div class=\"elementor-element elementor-element-d47d4cd e-con-full e-flex e-con e-child\" data-id=\"d47d4cd\" data-element_type=\"container\" data-e-type=\"container\">\n\t\t\t\t<div class=\"elementor-element elementor-element-bf795e2 elementor-widget elementor-widget-heading\" data-id=\"bf795e2\" data-element_type=\"widget\" data-e-type=\"widget\" data-widget_type=\"heading.default\">\n\t\t\t\t\t<h3 class=\"elementor-heading-title elementor-size-default\">Miss\u00e3o da empresa<\/h3>\t\t\t\t<\/div>\n\t\t\t\t<div class=\"elementor-element elementor-element-ae16dd8 elementor-widget-divider--view-line elementor-widget elementor-widget-divider\" data-id=\"ae16dd8\" data-element_type=\"widget\" data-e-type=\"widget\" data-widget_type=\"divider.default\">\n\t\t\t\t\t\t\t<div class=\"elementor-divider\">\n\t\t\t<span class=\"elementor-divider-separator\">\n\t\t\t\t\t\t<\/span>\n\t\t<\/div>\n\t\t\t\t\t\t<\/div>\n\t\t\t\t<div class=\"elementor-element elementor-element-0179544 elementor-icon-list--layout-traditional elementor-list-item-link-full_width elementor-widget elementor-widget-icon-list\" data-id=\"0179544\" data-element_type=\"widget\" data-e-type=\"widget\" data-widget_type=\"icon-list.default\">\n\t\t\t\t\t\t\t<ul class=\"elementor-icon-list-items\">\n\t\t\t\t\t\t\t<li class=\"elementor-icon-list-item\">\n\t\t\t\t\t\t\t\t\t\t\t<span class=\"elementor-icon-list-icon\">\n\t\t\t\t\t\t\t<svg aria-hidden=\"true\" class=\"e-font-icon-svg e-fas-minus\" viewbox=\"0 0 448 512\" xmlns=\"http:\/\/www.w3.org\/2000\/svg\"><path d=\"M416 208H32c-17.67 0-32 14.33-32 32v32c0 17.67 14.33 32 32 32h384c17.67 0 32-14.33 32-32v-32c0-17.67-14.33-32-32-32z\"><\/path><\/svg>\t\t\t\t\t\t<\/span>\n\t\t\t\t\t\t\t\t\t\t<span class=\"elementor-icon-list-text\">Com uma confec\u00e7\u00e3o artesanal exquisita e projetos inovadores, fornecemos aos clientes do mundo inteiro roupas modernas, confort\u00e1veis e de alta qualidade, visando se tornar um modelo excepcional na ind\u00fastria da moda.<\/span>\n\t\t\t\t\t\t\t\t\t<\/li>\n\t\t\t\t\t\t\t\t<li class=\"elementor-icon-list-item\">\n\t\t\t\t\t\t\t\t\t\t\t<span class=\"elementor-icon-list-icon\">\n\t\t\t\t\t\t\t<svg aria-hidden=\"true\" class=\"e-font-icon-svg e-fas-minus\" viewbox=\"0 0 448 512\" xmlns=\"http:\/\/www.w3.org\/2000\/svg\"><path d=\"M416 208H32c-17.67 0-32 14.33-32 32v32c0 17.67 14.33 32 32 32h384c17.67 0 32-14.33 32-32v-32c0-17.67-14.33-32-32-32z\"><\/path><\/svg>\t\t\t\t\t\t<\/span>\n\t\t\t\t\t\t\t\t\t\t<span class=\"elementor-icon-list-text\">N\u00f3s nos comprometemos a criar solu\u00e7\u00f5es de vestu\u00e1rio personalizadas para atender \u00e0s necessidades de diferentes clientes, e a transmitir a moda e o valor por meio da qualidade e do servi\u00e7o.<\/span>\n\t\t\t\t\t\t\t\t\t<\/li>\n\t\t\t\t\t\t\t\t<li class=\"elementor-icon-list-item\">\n\t\t\t\t\t\t\t\t\t\t\t<span class=\"elementor-icon-list-icon\">\n\t\t\t\t\t\t\t<svg aria-hidden=\"true\" class=\"e-font-icon-svg e-fas-minus\" viewbox=\"0 0 448 512\" xmlns=\"http:\/\/www.w3.org\/2000\/svg\"><path d=\"M416 208H32c-17.67 0-32 14.33-32 32v32c0 17.67 14.33 32 32 32h384c17.67 0 32-14.33 32-32v-32c0-17.67-14.33-32-32-32z\"><\/path><\/svg>\t\t\t\t\t\t<\/span>\n\t\t\t\t\t\t\t\t\t\t<span class=\"elementor-icon-list-text\">Atrav\u00e9s da inova\u00e7\u00e3o cont\u00ednua e da otimiza\u00e7\u00e3o do processo de produ\u00e7\u00e3o, fornecemos aos clientes produtos de vestu\u00e1rio de alta qualidade e eficientes, promovendo o progresso e o desenvolvimento da ind\u00fastria da moda.<\/span>\n\t\t\t\t\t\t\t\t\t<\/li>\n\t\t\t\t\t\t<\/ul>\n\t\t\t\t\t\t<\/div>\n\t\t\t\t<\/div>\n\t\t\t\t\t<\/div>\n\t\t\t\t<\/div>\n\t\t<div class=\"elementor-element elementor-element-b014dcd e-flex e-con-boxed e-con e-parent\" data-id=\"b014dcd\" data-element_type=\"container\" data-e-type=\"container\">\n\t\t\t\t\t<div class=\"e-con-inner\">\n\t\t\t\t<div class=\"elementor-element elementor-element-4b888b8 elementor-widget elementor-widget-heading\" data-id=\"4b888b8\" data-element_type=\"widget\" data-e-type=\"widget\" data-widget_type=\"heading.default\">\n\t\t\t\t\t<h3 class=\"elementor-heading-title elementor-size-default\">CERTIFICADO PERTINENTE<\/h3>\t\t\t\t<\/div>\n\t\t\t\t<div class=\"elementor-element elementor-element-30ebc47 elementor-widget-divider--view-line elementor-widget elementor-widget-divider\" data-id=\"30ebc47\" data-element_type=\"widget\" data-e-type=\"widget\" data-widget_type=\"divider.default\">\n\t\t\t\t\t\t\t<div class=\"elementor-divider\">\n\t\t\t<span class=\"elementor-divider-separator\">\n\t\t\t\t\t\t<\/span>\n\t\t<\/div>\n\t\t\t\t\t\t<\/div>\n\t\t\t\t<div class=\"elementor-element elementor-element-c2c5a03 elementor-widget elementor-widget-image\" data-id=\"c2c5a03\" data-element_type=\"widget\" data-e-type=\"widget\" data-widget_type=\"image.default\">\n\t\t\t\t\t\t\t\t\t\t\t\t\t\t\t<img fetchpriority=\"high\" decoding=\"async\" width=\"1735\" height=\"562\" src=\"https:\/\/www.738me.com\/wp-content\/uploads\/2024\/11\/certificate.jpg\" class=\"attachment-full size-full wp-image-6583\" alt=\"Sweater factory Sweater manufacturer Sweater maker\" srcset=\"https:\/\/www.738me.com\/wp-content\/uploads\/2024\/11\/certificate.jpg 1735w, https:\/\/www.738me.com\/wp-content\/uploads\/2024\/11\/certificate-300x97.jpg 300w, https:\/\/www.738me.com\/wp-content\/uploads\/2024\/11\/certificate-1024x332.jpg 1024w, https:\/\/www.738me.com\/wp-content\/uploads\/2024\/11\/certificate-768x249.jpg 768w, https:\/\/www.738me.com\/wp-content\/uploads\/2024\/11\/certificate-1536x498.jpg 1536w, https:\/\/www.738me.com\/wp-content\/uploads\/2024\/11\/certificate-18x6.jpg 18w\" sizes=\"(max-width: 1735px) 100vw, 1735px\" \/>\t\t\t\t\t\t\t\t\t\t\t\t\t\t\t<\/div>\n\t\t\t\t\t<\/div>\n\t\t\t\t<\/div>\n\t\t\t\t<\/div>","protected":false},"excerpt":{"rendered":"<p>An expert in sweater production Our sweater factory Since its establishment in 2003, Yingjia Clothing Company has stood out in the sweater manufacturing field with its professional strength and has become a remarkable professional sweater factory in the industry. Yingjia Clothing is renowned for its strong ability to develop sweater samples. The company&#8217;s design team [&hellip;]<\/p>\n","protected":false},"author":2,"featured_media":0,"parent":0,"menu_order":0,"comment_status":"closed","ping_status":"closed","template":"","meta":{"site-sidebar-layout":"no-sidebar","site-content-layout":"page-builder","ast-site-content-layout":"full-width-container","site-content-style":"unboxed","site-sidebar-style":"unboxed","ast-global-header-display":"","ast-banner-title-visibility":"","ast-main-header-display":"","ast-hfb-above-header-display":"","ast-hfb-below-header-display":"","ast-hfb-mobile-header-display":"","site-post-title":"disabled","ast-breadcrumbs-content":"","ast-featured-img":"disabled","footer-sml-layout":"","ast-disable-related-posts":"","theme-transparent-header-meta":"enabled","adv-header-id-meta":"","stick-header-meta":"","header-above-stick-meta":"","header-main-stick-meta":"","header-below-stick-meta":"","astra-migrate-meta-layouts":"set","ast-page-background-enabled":"default","ast-page-background-meta":{"desktop":{"background-color":"","background-image":"","background-repeat":"repeat","background-position":"center center","background-size":"auto","background-attachment":"scroll","background-type":"","background-media":"","overlay-type":"","overlay-color":"","overlay-opacity":"","overlay-gradient":""},"tablet":{"background-color":"","background-image":"","background-repeat":"repeat","background-position":"center center","background-size":"auto","background-attachment":"scroll","background-type":"","background-media":"","overlay-type":"","overlay-color":"","overlay-opacity":"","overlay-gradient":""},"mobile":{"background-color":"","background-image":"","background-repeat":"repeat","background-position":"center center","background-size":"auto","background-attachment":"scroll","background-type":"","background-media":"","overlay-type":"","overlay-color":"","overlay-opacity":"","overlay-gradient":""}},"ast-content-background-meta":{"desktop":{"background-color":"var(--ast-global-color-5)","background-image":"","background-repeat":"repeat","background-position":"center center","background-size":"auto","background-attachment":"scroll","background-type":"","background-media":"","overlay-type":"","overlay-color":"","overlay-opacity":"","overlay-gradient":""},"tablet":{"background-color":"var(--ast-global-color-5)","background-image":"","background-repeat":"repeat","background-position":"center center","background-size":"auto","background-attachment":"scroll","background-type":"","background-media":"","overlay-type":"","overlay-color":"","overlay-opacity":"","overlay-gradient":""},"mobile":{"background-color":"var(--ast-global-color-5)","background-image":"","background-repeat":"repeat","background-position":"center center","background-size":"auto","background-attachment":"scroll","background-type":"","background-media":"","overlay-type":"","overlay-color":"","overlay-opacity":"","overlay-gradient":""}},"footnotes":""},"class_list":["post-5","page","type-page","status-publish","hentry"],"aioseo_notices":[],"_hostinger_reach_plugin_has_subscription_block":false,"_hostinger_reach_plugin_is_elementor":false,"_links":{"self":[{"href":"https:\/\/www.www2.2012i.com\/pt\/wp-json\/wp\/v2\/pages\/5","targetHints":{"allow":["GET"]}}],"collection":[{"href":"https:\/\/www.www2.2012i.com\/pt\/wp-json\/wp\/v2\/pages"}],"about":[{"href":"https:\/\/www.www2.2012i.com\/pt\/wp-json\/wp\/v2\/types\/page"}],"author":[{"embeddable":true,"href":"https:\/\/www.www2.2012i.com\/pt\/wp-json\/wp\/v2\/users\/2"}],"replies":[{"embeddable":true,"href":"https:\/\/www.www2.2012i.com\/pt\/wp-json\/wp\/v2\/comments?post=5"}],"version-history":[{"count":75,"href":"https:\/\/www.www2.2012i.com\/pt\/wp-json\/wp\/v2\/pages\/5\/revisions"}],"predecessor-version":[{"id":7681,"href":"https:\/\/www.www2.2012i.com\/pt\/wp-json\/wp\/v2\/pages\/5\/revisions\/7681"}],"wp:attachment":[{"href":"https:\/\/www.www2.2012i.com\/pt\/wp-json\/wp\/v2\/media?parent=5"}],"curies":[{"name":"wp","href":"https:\/\/api.w.org\/{rel}","templated":true}]}}